{"id":182,"date":"2020-05-25T06:42:45","date_gmt":"2020-05-25T06:42:45","guid":{"rendered":"http:\/\/inkasso-vs.com\/?page_id=182"},"modified":"2024-10-27T12:39:09","modified_gmt":"2024-10-27T12:39:09","slug":"konditionen","status":"publish","type":"page","link":"https:\/\/inkasso-vs.com\/?page_id=182","title":{"rendered":"Konditionen"},"content":{"rendered":"\n<p>Unsere Leistung ist nicht umsonst, aber f\u00fcr unsere Kunden kostenlos bei erfolgreicher Einziehung der Forderung.<\/p>\n\n\n\n<p>In allen anderen F\u00e4llen berechnen wir&nbsp; unsere intensiven Leistungen kosteng\u00fcnstig &#8211; faire Preise (analog RVG\/RDG) und klare Preisgestaltung sind f\u00fcr uns selbstverst\u00e4ndlich.<\/p>\n\n\n\n<p>Und damit Sie immer wissen, womit Sie rechnen m\u00fcssen, holen Sie sich Ihr individuelles Angebot f\u00fcr unsere Dienstleistung &gt;&gt; <a href=\"https:\/\/inkasso-vs.com\/?page_id=275\" target=\"_blank\" rel=\"noreferrer noopener\">hier.<\/a><\/p>\n\n\n\n<p>Z\u00f6gern Sie nicht und kontaktieren Sie uns einfach. <a href=\"https:\/\/inkasso-vs.com\/?page_id=275\" target=\"_blank\" rel=\"noreferrer noopener\">Wir beraten Sie gerne.<\/a><\/p>\n\n\n\n<p>Preisbeispiel:<\/p>\n\n\n\n<p>&nbsp;<em>Ihre<\/em> <em>Forderung: \u20ac 10.000,-.<\/em> <em>Hat der Schuldner seinen Sitz in Deutschland und bestreitet Ihre Forderung nicht,&nbsp; so bieten wir Ihnen folgende Preisgestaltung:<br><br><span class=\"has-inline-color has-vivid-red-color\">&gt; Vorgerichtliches Mahnverfahren (Telefon-Inkasso, Mahnschreiben u. \u00e4.)&nbsp;<\/span><br><span class=\"has-inline-color has-vivid-red-color\">&gt; gerichtliches Mahnverfahren (Erstellung Mahnbescheid)<\/span><br><br><span class=\"has-inline-color has-vivid-red-color\">* Variante 1:<\/span> <strong>Bezahlt der Schuldner die Gesamtforderung vollst\u00e4ndig<\/strong>, berechnen wir Ihnen:&nbsp;&nbsp;&nbsp;&nbsp;&nbsp;&nbsp;&nbsp;&nbsp;<\/em><\/p>\n\n\n\n<p>&nbsp;&nbsp; \u20ac <em>0,00&nbsp;&nbsp;&nbsp;&nbsp;&nbsp;&nbsp; Der Vorgang bleibt f\u00fcr sie komplett <u>kostenfrei<\/u>!<br><br><span class=\"has-inline-color has-vivid-red-color\">* Variante 2:<\/span> <strong>Bezahlt der Schuldner gar nicht<\/strong><br>&nbsp;&nbsp;&nbsp;und wollen Sie den Fall vorzeitig im au\u00dfergerichtlichen Verfahren (also kein gerichtlicher<\/em><\/p>\n\n\n\n<p>&nbsp;&nbsp; <em>Mahnbescheid) einstellen, so berechnen wir Ihnen nur <u>\u20ac 60,-&nbsp; <\/u><\/em><em>(+ USt.) Aufwandspauschale.<\/em><\/p>\n\n\n\n<p>&nbsp; <em>Mehr nicht!<\/em><\/p>\n\n\n\n<p><em>Die Gerichts-Geb\u00fchren f\u00fcr einen evtl. zu erstellenden gerichtlichen Mahnbescheid betragen in diesem Fall<br>\u20ac 133,00.<\/em><br><br>(Alle Preisangaben verstehen sich zzgl. USt.; Gerichtskosten (ohne USt.) f\u00fcr Mahnbescheidsverfahren sind vorzulegen)<\/p>\n\n\n\n<p>Holen Sie sich jetzt Ihr individuelles Angebot <a href=\"https:\/\/inkasso-vs.com\/?page_id=275\" target=\"_blank\" rel=\"noreferrer noopener\"><strong>hier<\/strong><\/a><\/p>\n\n\n\n<p><a href=\"https:\/\/inkasso-vs.com\/wp-content\/uploads\/2024\/10\/Auftrag_Vollmacht_AGB1.pdf\"><\/a><a href=\"https:\/\/de-livepages.strato.com\/js\/fckeditor_2-6-2\/editor\/manageContentLinkObject.jsp?pos=20231089&amp;\" target=\"_blank\" rel=\"noreferrer noopener\"><\/a> \u21d2<strong>zu den <a href=\"https:\/\/inkasso-vs.com\/wp-content\/uploads\/2024\/10\/Auftrag_Vollmacht_AGB1.pdf\">Auftragsformularen<\/a><\/strong><\/p>\n\n\n\n<p>&nbsp;Wir verzichten auf repr\u00e4sentative B\u00fcrofl\u00e4chen und einen gro\u00dfen Verk\u00e4uferstamm.<\/p>\n\n\n\n<p>Die dadurch erzielte Kostenersparnis geben wir gerne an unsere Kunden weiter.<\/p>\n\n\n\n<div class=\"wp-block-cover\" style=\"min-height:141px;aspect-ratio:unset;\"><span aria-hidden=\"true\" class=\"wp-block-cover__background has-background-dim\"><\/span><img loading=\"lazy\" decoding=\"async\" width=\"1024\" height=\"768\" class=\"wp-block-cover__image-background wp-image-120\" alt=\"\" src=\"https:\/\/inkasso-vs.com\/wp-content\/uploads\/2020\/05\/Buchr\u00fccken.jpg\" style=\"object-position:51% 50%\" data-object-fit=\"cover\" data-object-position=\"51% 50%\" srcset=\"https:\/\/inkasso-vs.com\/wp-content\/uploads\/2020\/05\/Buchr\u00fccken.jpg 1024w, https:\/\/inkasso-vs.com\/wp-content\/uploads\/2020\/05\/Buchr\u00fccken-300x225.jpg 300w, https:\/\/inkasso-vs.com\/wp-content\/uploads\/2020\/05\/Buchr\u00fccken-768x576.jpg 768w\" sizes=\"auto, (max-width: 767px) 89vw, (max-width: 1000px) 54vw, (max-width: 1071px) 543px, 580px\" \/><div class=\"wp-block-cover__inner-container is-layout-flow wp-block-cover-is-layout-flow\">\n<p class=\"has-text-align-center has-large-font-size\"><strong>Jetzt <a href=\"https:\/\/inkasso-vs.com\/wp-content\/uploads\/2024\/10\/Auftrag_Vollmacht_AGB1.pdf\">beauftragen<\/a><\/strong><\/p>\n<\/div><\/div>\n","protected":false},"excerpt":{"rendered":"<p>Unsere Leistung ist nicht umsonst, aber f\u00fcr unsere Kunden kostenlos bei erfolgreicher Einziehung der Forderung. In allen anderen F\u00e4llen berechnen wir&nbsp; unsere intensiven Leistungen kosteng\u00fcnstig &#8211; faire Preise (analog RVG\/RDG) und klare Preisgestaltung sind f\u00fcr uns selbstverst\u00e4ndlich. Und damit Sie immer wissen, womit Sie rechnen m\u00fcssen, holen Sie sich Ihr individuelles Angebot f\u00fcr unsere Dienstleistung &hellip; <\/p>\n<p class=\"link-more\"><a href=\"https:\/\/inkasso-vs.com\/?page_id=182\" class=\"more-link\"><span class=\"screen-reader-text\">\u201eKonditionen\u201c <\/span>weiterlesen<\/a><\/p>\n","protected":false},"author":1,"featured_media":0,"parent":0,"menu_order":0,"comment_status":"closed","ping_status":"closed","template":"","meta":{"footnotes":""},"class_list":["post-182","page","type-page","status-publish","hentry"],"_links":{"self":[{"href":"https:\/\/inkasso-vs.com\/index.php?rest_route=\/wp\/v2\/pages\/182","targetHints":{"allow":["GET"]}}],"collection":[{"href":"https:\/\/inkasso-vs.com\/index.php?rest_route=\/wp\/v2\/pages"}],"about":[{"href":"https:\/\/inkasso-vs.com\/index.php?rest_route=\/wp\/v2\/types\/page"}],"author":[{"embeddable":true,"href":"https:\/\/inkasso-vs.com\/index.php?rest_route=\/wp\/v2\/users\/1"}],"replies":[{"embeddable":true,"href":"https:\/\/inkasso-vs.com\/index.php?rest_route=%2Fwp%2Fv2%2Fcomments&post=182"}],"version-history":[{"count":23,"href":"https:\/\/inkasso-vs.com\/index.php?rest_route=\/wp\/v2\/pages\/182\/revisions"}],"predecessor-version":[{"id":672,"href":"https:\/\/inkasso-vs.com\/index.php?rest_route=\/wp\/v2\/pages\/182\/revisions\/672"}],"wp:attachment":[{"href":"https:\/\/inkasso-vs.com\/index.php?rest_route=%2Fwp%2Fv2%2Fmedia&parent=182"}],"curies":[{"name":"wp","href":"https:\/\/api.w.org\/{rel}","templated":true}]}}