{"id":184,"date":"2020-05-25T06:42:45","date_gmt":"2020-05-25T06:42:45","guid":{"rendered":"http:\/\/inkasso-vs.com\/?page_id=184"},"modified":"2020-06-02T12:28:50","modified_gmt":"2020-06-02T12:28:50","slug":"schuldnerservice","status":"publish","type":"page","link":"https:\/\/inkasso-vs.com\/?page_id=184","title":{"rendered":"Schuldnerservice"},"content":{"rendered":"\n<p>Sie sind von uns kontaktiert worden?<\/p>\n\n\n\n<p>Dann setzen Sie sich bitte mit uns unbedingt<a href=\"https:\/\/inkasso-vs.com\/?page_id=275\"> in Verbindung<\/a><a href=\"info@inkasso.de\">.<\/a> Unser Ziel ist, eine &#8222;win-win-Situation&#8220; zwischen allen Parteien herzustellen.\u00a0<\/p>\n\n\n\n<p>Wenn Sie die offene Forderung per<\/p>\n\n\n\n<figure class=\"wp-block-image is-resized\"><img loading=\"lazy\" decoding=\"async\" src=\"https:\/\/www.paypalobjects.com\/digitalassets\/c\/website\/marketing\/emea\/de\/de\/logo-center\/M2_Logo_01.jpg\" alt=\"\" width=\"221\" height=\"79\"\/><figcaption><a href=\"http:\/\/Paypal.com\" target=\"_blank\" rel=\"noreferrer noopener\">https:\/\/Paypal.com<\/a><\/figcaption><\/figure>\n\n\n\n<p>zahlen wollen, so schreiben Sie uns eine <a rel=\"noreferrer noopener\" href=\"mailto:info@inkasso-vs.de\" target=\"_blank\">E-Mail<\/a> unter Angabe Ihres Aktenzeichens. Sie erhalten dann von uns&nbsp; Ihren pers\u00f6nlichen&nbsp; Zahlungslink.<\/p>\n\n\n\n<p>Au\u00dferdem finden Sie auf dieser Seite die h\u00e4ufigsten Fragen, Antworten und n\u00fctzliche Links auf weitere interessante Web-Sites mit juristischen Informationen.<\/p>\n\n\n\n<p>F\u00fcr deren Inhalt und Richtigkeit \u00fcbernehmen wir allerdings keine Gew\u00e4hr.<\/p>\n\n\n\n<h2 class=\"wp-block-heading\">\u00a0<a href=\"https:\/\/www.amazon.de\/gp\/search?ie=UTF8&amp;keywords=raus%20aus%20den%20Schulden%20&amp;tag=httpwwwinkass-21&amp;index=books&amp;linkCode=ur2&amp;camp=1638&amp;creative=6742\" target=\"_blank\" rel=\"noreferrer noopener\">\u2666Klicken Sie hier f\u00fcr hilfreiche Literaturtipps zum Thema: &#8222;Raus aus den Schulden&#8220; <\/a><\/h2>\n\n\n\n<h3 class=\"wp-block-heading\">FAQ<\/h3>\n\n\n\n<p>&nbsp;\u25ba<span class=\"has-inline-color has-vivid-red-color\"> <em>Warum bekomme ich eine Mahnung von Inkasso-VS?<\/em><\/span><\/p>\n\n\n\n<p>Sie befinden sich bereits mit dem Ausgleich einer offenen Forderung unseres  Kunden in  Verzug. Dieser kommt Ihnen entgegen und m\u00f6chte f\u00fcr den Moment noch keine gerichtlichen Schritte gegen Sie geltend machen. Mit unserer Beauftragung zum Forderungseinzug sind f\u00fcr Sie damit erheblich weniger Kosten und rechtliche Konsequenzen verbunden.<\/p>\n\n\n\n<p>\u25ba <em><span class=\"has-inline-color has-vivid-red-color\">Und wenn ich nicht bezahle?<\/span><br><\/em><\/p>\n\n\n\n<p>Wenn Sie nun auch unsere Mahnung ignorieren, werden wir unserem Kunden zur<br>Durchf\u00fchrung des gerichtlichen Mahnbescheidverfahrens raten, dessen Kosten Sie noch<br>zus\u00e4tzlich tragen m\u00fcssen.<br>Au\u00dferdem kann es zu einer Negativ-Bewertung Ihrer Bonit\u00e4t kommen.<br>&nbsp;&nbsp;&nbsp;&nbsp;&nbsp;&nbsp;&nbsp;&nbsp;&nbsp;&nbsp;&nbsp; <\/p>\n\n\n\n<p>Darum:&nbsp; Setzen Sie sich mit uns <a rel=\"noreferrer noopener\" href=\"https:\/\/de-livepages.strato.com\/js\/fckeditor_2-6-2\/editor\/manageContentLinkObject.jsp?pos=2599217&amp;\" target=\"_blank\">in Verbindung<\/a>, damit die Forderung au\u00dfergerichtlich erledigt wird.<\/p>\n\n\n\n<p>\u25ba <em><span class=\"has-inline-color has-vivid-red-color\">Warum mu\u00df ich die Inkasso-Kosten zahlen?<\/span><\/em><br>&nbsp;&nbsp;&nbsp;&nbsp;&nbsp;&nbsp;&nbsp;&nbsp;&nbsp;&nbsp;&nbsp;&nbsp;<br>Durch Ihre Nichtzahlung befinden Sie sich gegen\u00fcber unserem Kunden in Zahlungsverzug.<br>Gem\u00e4\u00df den \u00a7\u00a7  280, 286 B\u00fcrgerliches Gesetzbuch (BGB) sind sie verpflichtet, den daraus<br>entstandenen Schaden zu ersetzen. Dazu geh\u00f6ren auch die Kosten der Beauftragung von<br>Inkasso-VS. Weiter unten auf dieser Seite finden Sie hierzu Gerichtsentscheidungen, die<br>dies best\u00e4tigen.<\/p>\n\n\n\n<p>&nbsp;Wichtig f\u00fcr Sie: Bei einer sofortigen gerichtlichen Geltendmachung der Forderung w\u00e4ren<br>&nbsp; Ihnen erheblich h\u00f6here Kosten entstanden!<\/p>\n\n\n\n<h3 class=\"wp-block-heading\"><strong>URTEILE<\/strong><\/h3>\n\n\n\n<p>An dieser Stelle bieten wir Ihnen einen zus\u00e4tzlichen, kostenlosen Service. Recherchieren Sie hier bequem online f\u00fcr Sie relevante  Urteile.<br>So k\u00f6nnen Sie  viel Geld sparen und sich einen wichtigen Informationsvorsprung sichern.<\/p>\n\n\n\n<p><em>Verpflichtung zur \u00dcbernahme der Kosten durch den Schuldner bei Einschaltung eines Inkasso-Unternehmens:<\/em><\/p>\n\n\n\n<p><a href=\"https:\/\/www.olg-koeln.nrw.de\" target=\"_blank\" rel=\"noreferrer noopener\">OLG K\u00f6ln vom 08.03.1972 &#8211; 2 U 111\/71<\/a><br><a rel=\"noreferrer noopener\" href=\"https:\/\/www.justiz.bayern.de\/gerichte-und-behoerden\/oberlandesgerichte\/muenchen\" target=\"_blank\">OLG M\u00fcnchen vom 27.07.1990 &#8211; 23 U 2346\/90<\/a><br><a rel=\"noreferrer noopener\" href=\"https:\/\/oberlandesgericht-karlsruhe.justiz-bw.de\/pb\/,Lde\/Startseite\" target=\"_blank\">OLG Karlsruhe vom 21.06.1990 &#8211; 13 U 352\/89<\/a><br><a rel=\"noreferrer noopener\" href=\"https:\/\/ordentliche-gerichtsbarkeit.hessen.de\/OLG-Frankfurt\" target=\"_blank\">OLG Frankfurt\/M. vom 31.01.1990 &#8211; 13 U 178\/88<\/a><br><a rel=\"noreferrer noopener\" href=\"https:\/\/www.justiz.sachsen.de\/olg\" target=\"_blank\">OLG Dresden vom 04.04.1995 &#8211; 13 U 1515\/93<br><\/a><a rel=\"noreferrer noopener\" href=\"https:\/\/amtsgericht-villingen-schwenningen.justiz-bw.de\/pb\/,Lde\/Startseite\" target=\"_blank\">AG Villingen-Schwenningen, Beschlu\u00df vom 15.8.2006 &#8211; 4 M 3413&nbsp;\/&nbsp;06&nbsp;<\/a><br><a href=\"https:\/\/www.justiz.nrw\/BS\/nrwe2\/index.php#solrNrwe\">L<\/a><a rel=\"noreferrer noopener\" href=\"https:\/\/www.lg-duisburg.nrw.de\/\" target=\"_blank\">G Duisburg vom 14.11.20<\/a><a href=\"https:\/\/www.justiz.nrw\/BS\/nrwe2\/index.php#solrNrwe\">14 &#8211; 7 S 45\/14<\/a><\/p>\n","protected":false},"excerpt":{"rendered":"<p>Sie sind von uns kontaktiert worden? Dann setzen Sie sich bitte mit uns unbedingt in Verbindung. Unser Ziel ist, eine &#8222;win-win-Situation&#8220; zwischen allen Parteien herzustellen.\u00a0 Wenn Sie die offene Forderung per zahlen wollen, so schreiben Sie uns eine E-Mail unter Angabe Ihres Aktenzeichens. Sie erhalten dann von uns&nbsp; Ihren pers\u00f6nlichen&nbsp; Zahlungslink. Au\u00dferdem finden Sie auf &hellip; <\/p>\n<p class=\"link-more\"><a href=\"https:\/\/inkasso-vs.com\/?page_id=184\" class=\"more-link\"><span class=\"screen-reader-text\">\u201eSchuldnerservice\u201c <\/span>weiterlesen<\/a><\/p>\n","protected":false},"author":1,"featured_media":0,"parent":0,"menu_order":0,"comment_status":"closed","ping_status":"closed","template":"","meta":{"footnotes":""},"class_list":["post-184","page","type-page","status-publish","hentry"],"_links":{"self":[{"href":"https:\/\/inkasso-vs.com\/index.php?rest_route=\/wp\/v2\/pages\/184","targetHints":{"allow":["GET"]}}],"collection":[{"href":"https:\/\/inkasso-vs.com\/index.php?rest_route=\/wp\/v2\/pages"}],"about":[{"href":"https:\/\/inkasso-vs.com\/index.php?rest_route=\/wp\/v2\/types\/page"}],"author":[{"embeddable":true,"href":"https:\/\/inkasso-vs.com\/index.php?rest_route=\/wp\/v2\/users\/1"}],"replies":[{"embeddable":true,"href":"https:\/\/inkasso-vs.com\/index.php?rest_route=%2Fwp%2Fv2%2Fcomments&post=184"}],"version-history":[{"count":19,"href":"https:\/\/inkasso-vs.com\/index.php?rest_route=\/wp\/v2\/pages\/184\/revisions"}],"predecessor-version":[{"id":306,"href":"https:\/\/inkasso-vs.com\/index.php?rest_route=\/wp\/v2\/pages\/184\/revisions\/306"}],"wp:attachment":[{"href":"https:\/\/inkasso-vs.com\/index.php?rest_route=%2Fwp%2Fv2%2Fmedia&parent=184"}],"curies":[{"name":"wp","href":"https:\/\/api.w.org\/{rel}","templated":true}]}}