{"id":504,"date":"2020-06-09T14:11:31","date_gmt":"2020-06-09T14:11:31","guid":{"rendered":"https:\/\/inkasso-vs.com\/?page_id=504"},"modified":"2024-10-27T12:32:45","modified_gmt":"2024-10-27T12:32:45","slug":"i-n-k-a-s-s-o-v-s","status":"publish","type":"page","link":"https:\/\/inkasso-vs.com\/","title":{"rendered":"I N K A S S O &#8211; V S"},"content":{"rendered":"\n<h1 class=\"wp-block-heading\"><strong>Wir k\u00fcmmern uns um Ihre offenen Forderungen<\/strong><\/h1>\n\n\n\n<p><img loading=\"lazy\" decoding=\"async\" width=\"16\" height=\"16\" class=\"wp-image-12\" style=\"width: 16px;\" src=\"https:\/\/inkasso-vs.com\/wp-content\/uploads\/2020\/03\/favicon.jpg\" alt=\"\">      Kundenorientierte Inkasso-Ma\u00dfnahmen<\/p>\n\n\n\n<p><img loading=\"lazy\" decoding=\"async\" width=\"16\" height=\"16\" class=\"wp-image-12\" style=\"width: 16px;\" src=\"https:\/\/inkasso-vs.com\/wp-content\/uploads\/2020\/03\/favicon.jpg\" alt=\"\">      Au\u00dfergerichtliches Mahnwesen (Telefon, Vor-Ort usw.)<\/p>\n\n\n\n<p><img loading=\"lazy\" decoding=\"async\" width=\"16\" height=\"16\" class=\"wp-image-12\" style=\"width: 16px;\" src=\"https:\/\/inkasso-vs.com\/wp-content\/uploads\/2020\/03\/favicon.jpg\" alt=\"\">      Gerichtliche Mahnbescheide erstellen<\/p>\n\n\n\n<p><img loading=\"lazy\" decoding=\"async\" width=\"16\" height=\"16\" class=\"wp-image-12\" style=\"width: 16px;\" src=\"https:\/\/inkasso-vs.com\/wp-content\/uploads\/2020\/03\/favicon.jpg\" alt=\"\">      Hohe Erfolgsquote durch individuelle und schnelle Bearbeitung<\/p>\n\n\n\n<p><img loading=\"lazy\" decoding=\"async\" width=\"16\" height=\"16\" class=\"wp-image-12\" style=\"width: 16px;\" src=\"https:\/\/inkasso-vs.com\/wp-content\/uploads\/2020\/03\/favicon.jpg\" alt=\"\">      Wir beraten Sie fallbezogen und kundennah<\/p>\n\n\n\n<p><img loading=\"lazy\" decoding=\"async\" width=\"16\" height=\"16\" class=\"wp-image-12\" style=\"width: 16px;\" src=\"https:\/\/inkasso-vs.com\/wp-content\/uploads\/2020\/03\/favicon.jpg\" alt=\"\">      Keine Mindestforderungsbetr\u00e4ge<\/p>\n\n\n\n<p><img loading=\"lazy\" decoding=\"async\" width=\"16\" height=\"16\" class=\"wp-image-12\" style=\"width: 16px;\" src=\"https:\/\/inkasso-vs.com\/wp-content\/uploads\/2020\/03\/favicon.jpg\" alt=\"\">      Kein Mindestumsatz<\/p>\n\n\n\n<p><img loading=\"lazy\" decoding=\"async\" width=\"16\" height=\"16\" class=\"wp-image-12\" style=\"width: 16px;\" src=\"https:\/\/inkasso-vs.com\/wp-content\/uploads\/2020\/03\/favicon.jpg\" alt=\"\">      Keine Mitgliedschaft<\/p>\n\n\n\n<p><img loading=\"lazy\" decoding=\"async\" width=\"16\" height=\"16\" class=\"wp-image-12\" style=\"width: 16px;\" src=\"https:\/\/inkasso-vs.com\/wp-content\/uploads\/2020\/03\/favicon.jpg\" alt=\"\">      Sie bestimmen \u00fcber Art und Umfang der Ma\u00dfnahmen<\/p>\n\n\n\n<div class=\"wp-block-cover\" style=\"min-height:141px;aspect-ratio:unset;\"><span aria-hidden=\"true\" class=\"wp-block-cover__background has-background-dim\"><\/span><img loading=\"lazy\" decoding=\"async\" width=\"1024\" height=\"768\" class=\"wp-block-cover__image-background wp-image-120\" alt=\"\" src=\"https:\/\/inkasso-vs.com\/wp-content\/uploads\/2020\/05\/Buchr\u00fccken.jpg\" style=\"object-position:51% 50%\" data-object-fit=\"cover\" data-object-position=\"51% 50%\" srcset=\"https:\/\/inkasso-vs.com\/wp-content\/uploads\/2020\/05\/Buchr\u00fccken.jpg 1024w, https:\/\/inkasso-vs.com\/wp-content\/uploads\/2020\/05\/Buchr\u00fccken-300x225.jpg 300w, https:\/\/inkasso-vs.com\/wp-content\/uploads\/2020\/05\/Buchr\u00fccken-768x576.jpg 768w\" sizes=\"auto, (max-width: 767px) 89vw, (max-width: 1000px) 54vw, (max-width: 1071px) 543px, 580px\" \/><div class=\"wp-block-cover__inner-container is-layout-flow wp-block-cover-is-layout-flow\">\n<p class=\"has-text-align-center has-large-font-size\"><strong>Jetzt <a href=\"https:\/\/inkasso-vs.com\/wp-content\/uploads\/2024\/10\/Auftrag_Vollmacht_AGB1.pdf\">beauftragen<\/a><\/strong><\/p>\n<\/div><\/div>\n","protected":false},"excerpt":{"rendered":"<p>Wir k\u00fcmmern uns um Ihre offenen Forderungen Kundenorientierte Inkasso-Ma\u00dfnahmen Au\u00dfergerichtliches Mahnwesen (Telefon, Vor-Ort usw.) Gerichtliche Mahnbescheide erstellen Hohe Erfolgsquote durch individuelle und schnelle Bearbeitung Wir beraten Sie fallbezogen und kundennah Keine Mindestforderungsbetr\u00e4ge Kein Mindestumsatz Keine Mitgliedschaft Sie bestimmen \u00fcber Art und Umfang der Ma\u00dfnahmen<\/p>\n","protected":false},"author":1,"featured_media":0,"parent":0,"menu_order":0,"comment_status":"closed","ping_status":"closed","template":"","meta":{"footnotes":""},"class_list":["post-504","page","type-page","status-publish","hentry"],"_links":{"self":[{"href":"https:\/\/inkasso-vs.com\/index.php?rest_route=\/wp\/v2\/pages\/504","targetHints":{"allow":["GET"]}}],"collection":[{"href":"https:\/\/inkasso-vs.com\/index.php?rest_route=\/wp\/v2\/pages"}],"about":[{"href":"https:\/\/inkasso-vs.com\/index.php?rest_route=\/wp\/v2\/types\/page"}],"author":[{"embeddable":true,"href":"https:\/\/inkasso-vs.com\/index.php?rest_route=\/wp\/v2\/users\/1"}],"replies":[{"embeddable":true,"href":"https:\/\/inkasso-vs.com\/index.php?rest_route=%2Fwp%2Fv2%2Fcomments&post=504"}],"version-history":[{"count":6,"href":"https:\/\/inkasso-vs.com\/index.php?rest_route=\/wp\/v2\/pages\/504\/revisions"}],"predecessor-version":[{"id":601,"href":"https:\/\/inkasso-vs.com\/index.php?rest_route=\/wp\/v2\/pages\/504\/revisions\/601"}],"wp:attachment":[{"href":"https:\/\/inkasso-vs.com\/index.php?rest_route=%2Fwp%2Fv2%2Fmedia&parent=504"}],"curies":[{"name":"wp","href":"https:\/\/api.w.org\/{rel}","templated":true}]}}